{"id":1481,"date":"2020-01-30T15:23:34","date_gmt":"2020-01-30T14:23:34","guid":{"rendered":"https:\/\/optimax.tools\/accueil\/"},"modified":"2025-01-23T11:58:32","modified_gmt":"2025-01-23T10:58:32","slug":"accueil","status":"publish","type":"page","link":"https:\/\/optimax.tools\/fr\/","title":{"rendered":"Accueil"},"content":{"rendered":"<p>[et_pb_section fb_built=\u00a0\u00bb1&Prime; _builder_version=\u00a0\u00bb4.25.1&Prime; custom_margin=\u00a0\u00bb0px|0px|0px|0px|false|false\u00a0\u00bb custom_padding=\u00a0\u00bb0px|0px|0px|0px|false|false\u00a0\u00bb global_colors_info=\u00a0\u00bb{}\u00a0\u00bb][et_pb_row _builder_version=\u00a0\u00bb4.25.1&Prime; _module_preset=\u00a0\u00bbdefault\u00a0\u00bb width=\u00a0\u00bb100%\u00a0\u00bb max_width=\u00a0\u00bb100%\u00a0\u00bb module_alignment=\u00a0\u00bbcenter\u00a0\u00bb custom_margin=\u00a0\u00bb0px|auto|0px|auto|false|false\u00a0\u00bb custom_padding=\u00a0\u00bb0px|0px|0px|0px|false|false\u00a0\u00bb global_colors_info=\u00a0\u00bb{}\u00a0\u00bb][et_pb_column type=\u00a0\u00bb4_4&Prime; _builder_version=\u00a0\u00bb4.25.1&Prime; _module_preset=\u00a0\u00bbdefault\u00a0\u00bb global_colors_info=\u00a0\u00bb{}\u00a0\u00bb][dipi_image_gallery thumbs_position_horizontal=\u00a0\u00bbtop\u00a0\u00bb thumbs_count=\u00a0\u00bb0&Prime; thumb_height=\u00a0\u00bb0px\u00a0\u00bb thumb_horizontal_width=\u00a0\u00bb0%\u00a0\u00bb main_navigation_size=\u00a0\u00bb30&Prime; main_navigation_color=\u00a0\u00bb#FFFFFF\u00a0\u00bb main_navigation_bg_color=\u00a0\u00bb#1A3053&Prime; thumbs_centered=\u00a0\u00bboff\u00a0\u00bb thumbs_loop=\u00a0\u00bboff\u00a0\u00bb main_autoplay=\u00a0\u00bbon\u00a0\u00bb autoplay_delay=\u00a0\u00bb3500&Prime; pause_on_hover=\u00a0\u00bbon\u00a0\u00bb main_navigation=\u00a0\u00bbon\u00a0\u00bb main_navigation_on_hover=\u00a0\u00bbon\u00a0\u00bb _builder_version=\u00a0\u00bb4.27.0&Prime; _module_preset=\u00a0\u00bbdefault\u00a0\u00bb background_color=\u00a0\u00bb#FFFFFF\u00a0\u00bb width=\u00a0\u00bb100%\u00a0\u00bb max_width=\u00a0\u00bb100%\u00a0\u00bb module_alignment=\u00a0\u00bbcenter\u00a0\u00bb box_shadow_style=\u00a0\u00bbpreset4&Prime; global_colors_info=\u00a0\u00bb{}\u00a0\u00bb][dipi_image_gallery_child item_image=\u00a0\u00bbhttps:\/\/optimax.tools\/wp-content\/uploads\/2024\/06\/yg-1_main_visual14.jpg\u00a0\u00bb _builder_version=\u00a0\u00bb4.25.2&Prime; _module_preset=\u00a0\u00bbdefault\u00a0\u00bb global_colors_info=\u00a0\u00bb{}\u00a0\u00bb][\/dipi_image_gallery_child][dipi_image_gallery_child item_image=\u00a0\u00bbhttps:\/\/optimax.tools\/wp-content\/uploads\/2024\/06\/milling-process-1.jpg\u00a0\u00bb _builder_version=\u00a0\u00bb4.25.2&Prime; _module_preset=\u00a0\u00bbdefault\u00a0\u00bb global_colors_info=\u00a0\u00bb{}\u00a0\u00bb][\/dipi_image_gallery_child][dipi_image_gallery_child item_image=\u00a0\u00bbhttps:\/\/optimax.tools\/wp-content\/uploads\/2024\/08\/thumbnail_image.png\u00a0\u00bb _builder_version=\u00a0\u00bb4.27.0&Prime; _module_preset=\u00a0\u00bbdefault\u00a0\u00bb global_colors_info=\u00a0\u00bb{}\u00a0\u00bb][\/dipi_image_gallery_child][\/dipi_image_gallery][\/et_pb_column][\/et_pb_row][\/et_pb_section][et_pb_section fb_built=\u00a0\u00bb1&Prime; _builder_version=\u00a0\u00bb4.25.1&Prime; custom_margin=\u00a0\u00bb2px|||||\u00a0\u00bb custom_padding=\u00a0\u00bb0px||50px|||\u00a0\u00bb global_colors_info=\u00a0\u00bb{}\u00a0\u00bb][et_pb_row _builder_version=\u00a0\u00bb4.25.1&Prime; global_colors_info=\u00a0\u00bb{}\u00a0\u00bb][et_pb_column type=\u00a0\u00bb4_4&Prime; _builder_version=\u00a0\u00bb4.16&Prime; global_colors_info=\u00a0\u00bb{}\u00a0\u00bb][et_pb_text _builder_version=\u00a0\u00bb4.25.2&Prime; text_text_color=\u00a0\u00bbgcid-27de76b3-ae7c-4af2-9b14-29939aaf6440&Prime; header_2_font=\u00a0\u00bb|700|||||||\u00a0\u00bb header_2_text_color=\u00a0\u00bb#60C4E5&Prime; custom_margin=\u00a0\u00bb40px||-4px|||\u00a0\u00bb custom_padding=\u00a0\u00bb20px|||||\u00a0\u00bb global_colors_info=\u00a0\u00bb{%22gcid-27de76b3-ae7c-4af2-9b14-29939aaf6440%22:%91%22text_text_color%22%93}\u00a0\u00bb]<\/p>\n<h2>D\u00e9couvrez la diff\u00e9rence Optimax ;<\/h2>\n<p><span style=\"font-size: x-large;\">o\u00f9 chaque outil est m\u00e9ticuleusement con\u00e7u et strat\u00e9giquement plac\u00e9 pour vous permettre de r\u00e9duire les temps de production et d&rsquo;obtenir des r\u00e9sultats de meilleure qualit\u00e9 dans votre secteur d&rsquo;activit\u00e9.<\/span><span style=\"font-size: 18px;\"> <\/span><\/p>\n<p>[\/et_pb_text][et_pb_button button_url=\u00a0\u00bb@ET-DC@eyJkeW5hbWljIjp0cnVlLCJjb250ZW50IjoicG9zdF9saW5rX3VybF9wYWdlIiwic2V0dGluZ3MiOnsicG9zdF9pZCI6IjYzOSJ9fQ==@\u00a0\u00bb button_text=\u00a0\u00bbEn savoir plus sur Optimax et l&#039;\u00e9quipe\u00a0\u00bb _builder_version=\u00a0\u00bb4.25.2&Prime; _dynamic_attributes=\u00a0\u00bbbutton_url\u00a0\u00bb _module_preset=\u00a0\u00bbdefault\u00a0\u00bb button_border_width=\u00a0\u00bb0px\u00a0\u00bb custom_margin=\u00a0\u00bb20px||||false|false\u00a0\u00bb custom_padding=\u00a0\u00bb2px||2px||true|false\u00a0\u00bb global_colors_info=\u00a0\u00bb{}\u00a0\u00bb button_border_width__hover=\u00a0\u00bb0px\u00a0\u00bb][\/et_pb_button][\/et_pb_column][\/et_pb_row][\/et_pb_section][et_pb_section fb_built=\u00a0\u00bb1&Prime; _builder_version=\u00a0\u00bb4.25.1&Prime; _module_preset=\u00a0\u00bbdefault\u00a0\u00bb custom_padding=\u00a0\u00bb0px||0px||true|\u00a0\u00bb global_colors_info=\u00a0\u00bb{}\u00a0\u00bb][et_pb_row _builder_version=\u00a0\u00bb4.25.1&Prime; _module_preset=\u00a0\u00bbdefault\u00a0\u00bb global_colors_info=\u00a0\u00bb{}\u00a0\u00bb][et_pb_column type=\u00a0\u00bb4_4&Prime; _builder_version=\u00a0\u00bb4.25.1&Prime; _module_preset=\u00a0\u00bbdefault\u00a0\u00bb global_colors_info=\u00a0\u00bb{}\u00a0\u00bb][et_pb_text _builder_version=\u00a0\u00bb4.25.1&Prime; text_text_color=\u00a0\u00bbgcid-27de76b3-ae7c-4af2-9b14-29939aaf6440&Prime; header_2_font=\u00a0\u00bb|700|||||||\u00a0\u00bb header_2_text_color=\u00a0\u00bb#002250&Prime; custom_margin=\u00a0\u00bb||-4px|||\u00a0\u00bb global_colors_info=\u00a0\u00bb{%22gcid-27de76b3-ae7c-4af2-9b14-29939aaf6440%22:%91%22text_text_color%22%93}\u00a0\u00bb]<\/p>\n<h2>D\u00e9couvrez nos promotions<\/h2>\n<p>[\/et_pb_text][dipi_blog_slider posts_number=\u00a0\u00bb-1&Prime; include_categories=\u00a0\u00bb8,9&Prime; card_clickable=\u00a0\u00bbon\u00a0\u00bb excerpt_length=\u00a0\u00bb125&Prime; show_more=\u00a0\u00bbon\u00a0\u00bb show_more_text=\u00a0\u00bbVoir la promotion\u00a0\u00bb show_author=\u00a0\u00bboff\u00a0\u00bb show_date=\u00a0\u00bboff\u00a0\u00bb show_categories=\u00a0\u00bboff\u00a0\u00bb columns=\u00a0\u00bb3&Prime; space_between=\u00a0\u00bb75&Prime; container_padding=\u00a0\u00bb30px|30px|20px|30px|false|false\u00a0\u00bb item_padding=\u00a0\u00bb0px|0px|0px|0px|false|false\u00a0\u00bb loop=\u00a0\u00bbon\u00a0\u00bb autoplay=\u00a0\u00bbon\u00a0\u00bb autoplay_speed=\u00a0\u00bb4501&Prime; navigation=\u00a0\u00bbon\u00a0\u00bb pagination=\u00a0\u00bbon\u00a0\u00bb columns_tablet=\u00a0\u00bb2&Prime; columns_phone=\u00a0\u00bb1&Prime; columns_last_edited=\u00a0\u00bbon|phone\u00a0\u00bb space_between_tablet=\u00a0\u00bb50&Prime; space_between_phone=\u00a0\u00bb50&Prime; space_between_last_edited=\u00a0\u00bbon|desktop\u00a0\u00bb _builder_version=\u00a0\u00bb4.27.4&Prime; _module_preset=\u00a0\u00bbdefault\u00a0\u00bb header_font_size=\u00a0\u00bb16pt\u00a0\u00bb body_font_size=\u00a0\u00bb13pt\u00a0\u00bb background_color=\u00a0\u00bbRGBA(255,255,255,0)\u00a0\u00bb custom_button=\u00a0\u00bbon\u00a0\u00bb button_text_size=\u00a0\u00bb16pt\u00a0\u00bb button_text_color=\u00a0\u00bb#1A3053&Prime; button_bg_color=\u00a0\u00bb#60C4E5&Prime; button_border_width=\u00a0\u00bb1px\u00a0\u00bb button_border_color=\u00a0\u00bbRGBA(255,255,255,0)\u00a0\u00bb button_border_radius=\u00a0\u00bb0px\u00a0\u00bb button_font=\u00a0\u00bb|800|||||||\u00a0\u00bb button_icon=\u00a0\u00bb&#x45;||divi||400&Prime; button_on_hover=\u00a0\u00bboff\u00a0\u00bb button_alignment=\u00a0\u00bbcenter\u00a0\u00bb button_custom_margin=\u00a0\u00bb0px||0px||false|false\u00a0\u00bb button_custom_padding=\u00a0\u00bb0px||0px||false|false\u00a0\u00bb custom_padding=\u00a0\u00bb||0px||false|false\u00a0\u00bb hover_enabled=\u00a0\u00bb0&Prime; border_radii_item=\u00a0\u00bbon|2px|2px|2px|2px\u00a0\u00bb border_width_all_item=\u00a0\u00bb2px\u00a0\u00bb box_shadow_style_item=\u00a0\u00bbpreset4&Prime; box_shadow_horizontal_item=\u00a0\u00bb5px\u00a0\u00bb box_shadow_vertical_item=\u00a0\u00bb5px\u00a0\u00bb box_shadow_style_button=\u00a0\u00bbpreset4&Prime; box_shadow_horizontal_button=\u00a0\u00bb5px\u00a0\u00bb box_shadow_vertical_button=\u00a0\u00bb5px\u00a0\u00bb global_colors_info=\u00a0\u00bb{}\u00a0\u00bb button_text_color__hover=\u00a0\u00bb#FFFFFF\u00a0\u00bb button_text_color__hover_enabled=\u00a0\u00bbon|desktop\u00a0\u00bb button_bg_color__hover=\u00a0\u00bb#1A3053&Prime; button_bg_color__hover_enabled=\u00a0\u00bbon|desktop\u00a0\u00bb button_border_width__hover=\u00a0\u00bb2px\u00a0\u00bb button_border_width__hover_enabled=\u00a0\u00bbon|desktop\u00a0\u00bb button_border_color__hover=\u00a0\u00bbRGBA(255,255,255,0)\u00a0\u00bb button_border_color__hover_enabled=\u00a0\u00bbon|desktop\u00a0\u00bb box_shadow_horizontal_button__hover_enabled=\u00a0\u00bbon|hover\u00a0\u00bb box_shadow_horizontal_button__hover=\u00a0\u00bb0px\u00a0\u00bb box_shadow_vertical_button__hover_enabled=\u00a0\u00bbon|hover\u00a0\u00bb box_shadow_vertical_button__hover=\u00a0\u00bb0px\u00a0\u00bb border_color_all_item__hover_enabled=\u00a0\u00bbon|hover\u00a0\u00bb border_color_all_item__hover=\u00a0\u00bb#1A3053&Prime; box_shadow_horizontal_item__hover_enabled=\u00a0\u00bboff|desktop\u00a0\u00bb box_shadow_horizontal_item__hover=\u00a0\u00bb0px\u00a0\u00bb box_shadow_vertical_item__hover_enabled=\u00a0\u00bboff|desktop\u00a0\u00bb box_shadow_vertical_item__hover=\u00a0\u00bb0px\u00a0\u00bb sticky_enabled=\u00a0\u00bb0&Prime;][\/dipi_blog_slider][et_pb_button button_url=\u00a0\u00bb@ET-DC@eyJkeW5hbWljIjp0cnVlLCJjb250ZW50IjoicG9zdF9saW5rX3VybF9wYWdlIiwic2V0dGluZ3MiOnsicG9zdF9pZCI6IjM2OSJ9fQ==@\u00a0\u00bb button_text=\u00a0\u00bbVoir toutes nos promotions\u00a0\u00bb button_alignment=\u00a0\u00bbcenter\u00a0\u00bb _builder_version=\u00a0\u00bb4.25.2&Prime; _dynamic_attributes=\u00a0\u00bbbutton_url\u00a0\u00bb _module_preset=\u00a0\u00bbdefault\u00a0\u00bb custom_margin=\u00a0\u00bb50px||50px||false|false\u00a0\u00bb custom_margin_tablet=\u00a0\u00bb50px||||false|false\u00a0\u00bb custom_margin_phone=\u00a0\u00bb50px||||false|false\u00a0\u00bb custom_margin_last_edited=\u00a0\u00bbon|tablet\u00a0\u00bb custom_padding=\u00a0\u00bb0px||0px||false|false\u00a0\u00bb global_colors_info=\u00a0\u00bb{%22gcid-primary-color%22:%91%22button_text_color%22,%22button_border_color%22%93,%22gcid-69729729-bb1c-4d3d-91d1-fbb847c1e937%22:%91%22button_bg_color__hover%22%93}\u00a0\u00bb button_border_radius__hover_enabled=\u00a0\u00bboff|hover\u00a0\u00bb button_border_radius__hover=\u00a0\u00bb6px\u00a0\u00bb button_bg_enable_color__hover=\u00a0\u00bbon\u00a0\u00bb box_shadow_vertical__hover_enabled=\u00a0\u00bbon|desktop\u00a0\u00bb box_shadow_vertical__hover=\u00a0\u00bb\u00a0\u00bb][\/et_pb_button][\/et_pb_column][\/et_pb_row][\/et_pb_section][et_pb_section fb_built=\u00a0\u00bb1&Prime; _builder_version=\u00a0\u00bb4.25.1&Prime; _module_preset=\u00a0\u00bbdefault\u00a0\u00bb background_color=\u00a0\u00bbRGBA(255,255,255,0)\u00a0\u00bb custom_margin=\u00a0\u00bb0px||||false|false\u00a0\u00bb custom_margin_tablet=\u00a0\u00bb15px||||false|false\u00a0\u00bb custom_margin_phone=\u00a0\u00bb75px||||false|false\u00a0\u00bb custom_margin_last_edited=\u00a0\u00bbon|phone\u00a0\u00bb custom_padding=\u00a0\u00bb0px||0px|||\u00a0\u00bb global_module=\u00a0\u00bb1076&Prime; saved_tabs=\u00a0\u00bball\u00a0\u00bb global_colors_info=\u00a0\u00bb{}\u00a0\u00bb][et_pb_row _builder_version=\u00a0\u00bb4.25.1&Prime; _module_preset=\u00a0\u00bbdefault\u00a0\u00bb custom_padding=\u00a0\u00bb0px|||||\u00a0\u00bb global_colors_info=\u00a0\u00bb{}\u00a0\u00bb][et_pb_column type=\u00a0\u00bb4_4&Prime; _builder_version=\u00a0\u00bb4.25.1&Prime; _module_preset=\u00a0\u00bbdefault\u00a0\u00bb global_colors_info=\u00a0\u00bb{}\u00a0\u00bb][et_pb_cta title=\u00a0\u00bbBesoin d&#039;un expert ?\u00a0\u00bb button_url=\u00a0\u00bb@ET-DC@eyJkeW5hbWljIjp0cnVlLCJjb250ZW50IjoicG9zdF9saW5rX3VybF9wYWdlIiwic2V0dGluZ3MiOnsicG9zdF9pZCI6IjM2In19@\u00a0\u00bb button_text=\u00a0\u00bbContactez nous\u00a0\u00bb _builder_version=\u00a0\u00bb4.25.2&Prime; _dynamic_attributes=\u00a0\u00bbbutton_url\u00a0\u00bb _module_preset=\u00a0\u00bbdefault\u00a0\u00bb background_color=\u00a0\u00bb#FFFFFF\u00a0\u00bb custom_button=\u00a0\u00bbon\u00a0\u00bb button_text_color=\u00a0\u00bb#60C4E5&Prime; button_bg_color=\u00a0\u00bb#1A3053&Prime; button_border_color=\u00a0\u00bbRGBA(255,255,255,0)\u00a0\u00bb button_border_radius=\u00a0\u00bb2px\u00a0\u00bb button_icon=\u00a0\u00bb&#xe090;||divi||400&Prime; button_custom_padding=\u00a0\u00bb0px||0px||false|false\u00a0\u00bb background_layout=\u00a0\u00bblight\u00a0\u00bb border_radii=\u00a0\u00bbon|5px|5px|5px|5px\u00a0\u00bb border_width_all=\u00a0\u00bb2px\u00a0\u00bb border_color_all=\u00a0\u00bb#1A3053&Prime; box_shadow_style=\u00a0\u00bbpreset4&Prime; box_shadow_horizontal=\u00a0\u00bb5px\u00a0\u00bb box_shadow_vertical=\u00a0\u00bb5px\u00a0\u00bb box_shadow_style_button=\u00a0\u00bbpreset4&Prime; box_shadow_horizontal_button=\u00a0\u00bb5px\u00a0\u00bb box_shadow_vertical_button=\u00a0\u00bb5px\u00a0\u00bb global_colors_info=\u00a0\u00bb{}\u00a0\u00bb button_bg_color__hover_enabled=\u00a0\u00bbon|hover\u00a0\u00bb button_bg_color__hover=\u00a0\u00bb#60C4E5&Prime; button_bg_enable_color__hover=\u00a0\u00bbon\u00a0\u00bb button_text_color__hover_enabled=\u00a0\u00bbon|hover\u00a0\u00bb button_text_color__hover=\u00a0\u00bb#1A3053&Prime; box_shadow_horizontal_button__hover_enabled=\u00a0\u00bbon|hover\u00a0\u00bb box_shadow_vertical_button__hover_enabled=\u00a0\u00bbon|desktop\u00a0\u00bb box_shadow_horizontal_button__hover=\u00a0\u00bb0px\u00a0\u00bb box_shadow_vertical_button__hover=\u00a0\u00bb0px\u00a0\u00bb]<\/p>\n<p>Prenez contact, notre \u00e9quipe se fera un plaisir de vous aider.<\/p>\n<p>[\/et_pb_cta][\/et_pb_column][\/et_pb_row][\/et_pb_section]<\/p>\n","protected":false},"excerpt":{"rendered":"<p><div class=\"et_pb_module dipi_image_gallery dipi_image_gallery_0\">\n\t\t\t\t\n\t\t\t\t\n\t\t\t\t\n\t\t\t\t\n\t\t\t\t\n\t\t\t\t\n\t\t\t\t<div class=\"et_pb_module_inner\">\n\t\t\t\t\t<div class=\"dipi-image-gallery dipi-ig-horizontal\" style=\"height: 100%\">\n        <div class=\"dipi-image-gallery-thumbs\">\n            <div class=\"swiper-container dipi-image-gallery-thumbs_0 dipi-thumbs-horizontal dipi-img-thumbs-top\"  data-direction=\"horizontal\" data-columnsdesktop=\"0\" data-columnstablet=\"0\" data-columnsphone=\"0\" data-spacebetween=\"10\" data-spacebetween_tablet=\"10\" data-spacebetween_phone=\"10\" data-centered=\"off\" data-thumbs_loop=\"off\" data-ordernumber=\"0\" data-navigation=\"off\" data-is_tb_body=\"off\">\n                <div class=\"swiper-wrapper\">\n                    \n                <div class=\"dipi_image_gallery_child swiper-slide\" data-class=\"dipi_image_gallery_child_0\">\n                    <div class=\"swiper-slide-container\" role=\"figure\" aria-labelledby=\"\" style=\"background-image:url(https:\/\/optimax.tools\/wp-content\/uploads\/2024\/06\/yg-1_main_visual14.jpg);background-size:cover;    background-repeat: no-repeat;\"><\/div>\n                <\/div>\n                <div class=\"dipi_image_gallery_child swiper-slide\" data-class=\"dipi_image_gallery_child_1\">\n                    <div class=\"swiper-slide-container\" role=\"figure\" aria-labelledby=\"\" style=\"background-image:url(https:\/\/optimax.tools\/wp-content\/uploads\/2024\/06\/milling-process-1.jpg);background-size:cover;    background-repeat: no-repeat;\"><\/div>\n                <\/div>\n                <div class=\"dipi_image_gallery_child swiper-slide\" data-class=\"dipi_image_gallery_child_2\">\n                    <div class=\"swiper-slide-container\" role=\"figure\" aria-labelledby=\"\" style=\"background-image:url(https:\/\/optimax.tools\/wp-content\/uploads\/2024\/08\/thumbnail_image.png);background-size:cover;    background-repeat: no-repeat;\"><\/div>\n                <\/div>\n                <\/div>\n            <\/div>\n        <\/div> \n            <div class=\"dipi-image-gallery-top\">\n                <div class=\" swiper-container dipi-image-gallery-top_0\"   data-direction=\"horizontal\" data-navigation=\"on\" data-ordernumber=\"0\" data-animation=\"slide\" data-autoplay=\"on\" data-main_redraw_after_slide_changed=\"off\" data-pause_on_hover=\"on\" data-autoplay_delay=\"3500\" data-enable_popup=\"off\" data-popup_animation=\"none\" data-popup_animation_duration=\"500\">\n                            <div class=\"swiper-wrapper\">\n                                <div class=\"et_pb_module dipi_image_gallery_child dipi_image_gallery_child_0 swiper-slide\">\n\t\t\t\t\n\t\t\t\t\n\t\t\t\t\n\t\t\t\t\n\t\t\t\t\n\t\t\t\t\n\t\t\t\t<div class=\"et_pb_module_inner\">\n\t\t\t\t\t<div href=\"https:\/\/optimax.tools\/wp-content\/uploads\/2024\/06\/yg-1_main_visual14.jpg\" class=\"swiper-slide-container \" role=\"figure\"  style=\"background-image:url(https:\/\/optimax.tools\/wp-content\/uploads\/2024\/06\/yg-1_main_visual14.jpg);background-size:cover;background-repeat: no-repeat;\">\n                \n                \n            <\/div>\n\t\t\t\t<\/div>\n\t\t\t<\/div><div class=\"et_pb_module dipi_image_gallery_child dipi_image_gallery_child_1 swiper-slide\">\n\t\t\t\t\n\t\t\t\t\n\t\t\t\t\n\t\t\t\t\n\t\t\t\t\n\t\t\t\t\n\t\t\t\t<div class=\"et_pb_module_inner\">\n\t\t\t\t\t<div href=\"https:\/\/optimax.tools\/wp-content\/uploads\/2024\/06\/milling-process-1.jpg\" class=\"swiper-slide-container \" role=\"figure\"  style=\"background-image:url(https:\/\/optimax.tools\/wp-content\/uploads\/2024\/06\/milling-process-1.jpg);background-size:cover;background-repeat: no-repeat;\">\n                \n                \n            <\/div>\n\t\t\t\t<\/div>\n\t\t\t<\/div><div class=\"et_pb_module dipi_image_gallery_child dipi_image_gallery_child_2 swiper-slide\">\n\t\t\t\t\n\t\t\t\t\n\t\t\t\t\n\t\t\t\t\n\t\t\t\t\n\t\t\t\t\n\t\t\t\t<div class=\"et_pb_module_inner\">\n\t\t\t\t\t<div href=\"https:\/\/optimax.tools\/wp-content\/uploads\/2024\/08\/thumbnail_image.png\" class=\"swiper-slide-container \" role=\"figure\"  style=\"background-image:url(https:\/\/optimax.tools\/wp-content\/uploads\/2024\/08\/thumbnail_image.png);background-size:cover;background-repeat: no-repeat;\">\n                \n                \n            <\/div>\n\t\t\t\t<\/div>\n\t\t\t<\/div>\n                            <\/div>  \n                        <\/div>\n                        <div class=\"swiper-button-next swiper-arrow-button dipi-sbn0 dipi-ig-top-nav show_on_hover\" data-icon=\"9\"><\/div> \n                 <div class=\"swiper-button-prev swiper-arrow-button dipi-sbp0 dipi-ig-top-nav show_on_hover\" data-icon=\"8\"><\/div>\n                <\/div><\/div>\n\t\t\t\t<\/div>\n\t\t\t<\/div>D\u00e9couvrez la diff\u00e9rence Optimax ; o\u00f9 chaque outil est m\u00e9ticuleusement con\u00e7u et strat\u00e9giquement plac\u00e9 pour vous permettre de r\u00e9duire les temps [&hellip;]<\/p>\n","protected":false},"author":1,"featured_media":0,"parent":0,"menu_order":0,"comment_status":"closed","ping_status":"closed","template":"","meta":{"_acf_changed":false,"_et_pb_use_builder":"on","_et_pb_old_content":"","_et_gb_content_width":"","footnotes":""},"dipi_cpt_category":[],"class_list":["post-1481","page","type-page","status-publish","hentry"],"acf":[],"yoast_head":"<!-- This site is optimized with the Yoast SEO plugin v27.4 - https:\/\/yoast.com\/product\/yoast-seo-wordpress\/ -->\n<title>Accueil - Optimax Tools<\/title>\n<meta name=\"description\" content=\"Optimax Tools fournit des solutions d&#039;outillage industriel de premier ordre provenant de marques exclusives et mondiales. L&#039;accent est mis sur la qualit\u00e9, l&#039;innovation et le service \u00e0 la client\u00e8le.\" \/>\n<meta name=\"robots\" content=\"index, follow, max-snippet:-1, max-image-preview:large, max-video-preview:-1\" \/>\n<link rel=\"canonical\" href=\"https:\/\/optimax.tools\/fr\/\" \/>\n<meta property=\"og:locale\" content=\"fr_FR\" \/>\n<meta property=\"og:type\" content=\"article\" \/>\n<meta property=\"og:title\" content=\"Accueil - Optimax Tools\" \/>\n<meta property=\"og:description\" content=\"Optimax Tools fournit des solutions d&#039;outillage industriel de premier ordre provenant de marques exclusives et mondiales. L&#039;accent est mis sur la qualit\u00e9, l&#039;innovation et le service \u00e0 la client\u00e8le.\" \/>\n<meta property=\"og:url\" content=\"https:\/\/optimax.tools\/fr\/\" \/>\n<meta property=\"og:site_name\" content=\"Optimax Tools\" \/>\n<meta property=\"article:modified_time\" content=\"2025-01-23T10:58:32+00:00\" \/>\n<meta property=\"og:image\" content=\"https:\/\/optimax.tools\/wp-content\/uploads\/2020\/02\/facebook-cover.jpg\" \/>\n\t<meta property=\"og:image:width\" content=\"700\" \/>\n\t<meta property=\"og:image:height\" content=\"350\" \/>\n\t<meta property=\"og:image:type\" content=\"image\/jpeg\" \/>\n<meta name=\"twitter:card\" content=\"summary_large_image\" \/>\n<meta name=\"twitter:label1\" content=\"Dur\u00e9e de lecture estim\u00e9e\" \/>\n\t<meta name=\"twitter:data1\" content=\"6 minutes\" \/>\n<script type=\"application\/ld+json\" class=\"yoast-schema-graph\">{\"@context\":\"https:\\\/\\\/schema.org\",\"@graph\":[{\"@type\":\"WebPage\",\"@id\":\"https:\\\/\\\/optimax.tools\\\/fr\\\/\",\"url\":\"https:\\\/\\\/optimax.tools\\\/fr\\\/\",\"name\":\"Accueil - Optimax Tools\",\"isPartOf\":{\"@id\":\"https:\\\/\\\/v2.optimax.tools\\\/fr\\\/#website\"},\"datePublished\":\"2020-01-30T14:23:34+00:00\",\"dateModified\":\"2025-01-23T10:58:32+00:00\",\"description\":\"Optimax Tools fournit des solutions d'outillage industriel de premier ordre provenant de marques exclusives et mondiales. L'accent est mis sur la qualit\u00e9, l'innovation et le service \u00e0 la client\u00e8le.\",\"breadcrumb\":{\"@id\":\"https:\\\/\\\/optimax.tools\\\/fr\\\/#breadcrumb\"},\"inLanguage\":\"fr-FR\",\"potentialAction\":[{\"@type\":\"ReadAction\",\"target\":[\"https:\\\/\\\/optimax.tools\\\/fr\\\/\"]}]},{\"@type\":\"BreadcrumbList\",\"@id\":\"https:\\\/\\\/optimax.tools\\\/fr\\\/#breadcrumb\",\"itemListElement\":[{\"@type\":\"ListItem\",\"position\":1,\"name\":\"Home\",\"item\":\"https:\\\/\\\/optimax.tools\\\/fr\\\/\"},{\"@type\":\"ListItem\",\"position\":2,\"name\":\"Accueil\"}]},{\"@type\":\"WebSite\",\"@id\":\"https:\\\/\\\/v2.optimax.tools\\\/fr\\\/#website\",\"url\":\"https:\\\/\\\/v2.optimax.tools\\\/fr\\\/\",\"name\":\"Optimax Tools\",\"description\":\"A Total Project Company\",\"potentialAction\":[{\"@type\":\"SearchAction\",\"target\":{\"@type\":\"EntryPoint\",\"urlTemplate\":\"https:\\\/\\\/v2.optimax.tools\\\/fr\\\/?s={search_term_string}\"},\"query-input\":{\"@type\":\"PropertyValueSpecification\",\"valueRequired\":true,\"valueName\":\"search_term_string\"}}],\"inLanguage\":\"fr-FR\"}]}<\/script>\n<!-- \/ Yoast SEO plugin. -->","yoast_head_json":{"title":"Accueil - Optimax Tools","description":"Optimax Tools fournit des solutions d'outillage industriel de premier ordre provenant de marques exclusives et mondiales. L'accent est mis sur la qualit\u00e9, l'innovation et le service \u00e0 la client\u00e8le.","robots":{"index":"index","follow":"follow","max-snippet":"max-snippet:-1","max-image-preview":"max-image-preview:large","max-video-preview":"max-video-preview:-1"},"canonical":"https:\/\/optimax.tools\/fr\/","og_locale":"fr_FR","og_type":"article","og_title":"Accueil - Optimax Tools","og_description":"Optimax Tools fournit des solutions d'outillage industriel de premier ordre provenant de marques exclusives et mondiales. L'accent est mis sur la qualit\u00e9, l'innovation et le service \u00e0 la client\u00e8le.","og_url":"https:\/\/optimax.tools\/fr\/","og_site_name":"Optimax Tools","article_modified_time":"2025-01-23T10:58:32+00:00","og_image":[{"width":700,"height":350,"url":"https:\/\/optimax.tools\/wp-content\/uploads\/2020\/02\/facebook-cover.jpg","type":"image\/jpeg"}],"twitter_card":"summary_large_image","twitter_misc":{"Dur\u00e9e de lecture estim\u00e9e":"6 minutes"},"schema":{"@context":"https:\/\/schema.org","@graph":[{"@type":"WebPage","@id":"https:\/\/optimax.tools\/fr\/","url":"https:\/\/optimax.tools\/fr\/","name":"Accueil - Optimax Tools","isPartOf":{"@id":"https:\/\/v2.optimax.tools\/fr\/#website"},"datePublished":"2020-01-30T14:23:34+00:00","dateModified":"2025-01-23T10:58:32+00:00","description":"Optimax Tools fournit des solutions d'outillage industriel de premier ordre provenant de marques exclusives et mondiales. L'accent est mis sur la qualit\u00e9, l'innovation et le service \u00e0 la client\u00e8le.","breadcrumb":{"@id":"https:\/\/optimax.tools\/fr\/#breadcrumb"},"inLanguage":"fr-FR","potentialAction":[{"@type":"ReadAction","target":["https:\/\/optimax.tools\/fr\/"]}]},{"@type":"BreadcrumbList","@id":"https:\/\/optimax.tools\/fr\/#breadcrumb","itemListElement":[{"@type":"ListItem","position":1,"name":"Home","item":"https:\/\/optimax.tools\/fr\/"},{"@type":"ListItem","position":2,"name":"Accueil"}]},{"@type":"WebSite","@id":"https:\/\/v2.optimax.tools\/fr\/#website","url":"https:\/\/v2.optimax.tools\/fr\/","name":"Optimax Tools","description":"A Total Project Company","potentialAction":[{"@type":"SearchAction","target":{"@type":"EntryPoint","urlTemplate":"https:\/\/v2.optimax.tools\/fr\/?s={search_term_string}"},"query-input":{"@type":"PropertyValueSpecification","valueRequired":true,"valueName":"search_term_string"}}],"inLanguage":"fr-FR"}]}},"_links":{"self":[{"href":"https:\/\/optimax.tools\/fr\/wp-json\/wp\/v2\/pages\/1481","targetHints":{"allow":["GET"]}}],"collection":[{"href":"https:\/\/optimax.tools\/fr\/wp-json\/wp\/v2\/pages"}],"about":[{"href":"https:\/\/optimax.tools\/fr\/wp-json\/wp\/v2\/types\/page"}],"author":[{"embeddable":true,"href":"https:\/\/optimax.tools\/fr\/wp-json\/wp\/v2\/users\/1"}],"replies":[{"embeddable":true,"href":"https:\/\/optimax.tools\/fr\/wp-json\/wp\/v2\/comments?post=1481"}],"version-history":[{"count":5,"href":"https:\/\/optimax.tools\/fr\/wp-json\/wp\/v2\/pages\/1481\/revisions"}],"predecessor-version":[{"id":2501,"href":"https:\/\/optimax.tools\/fr\/wp-json\/wp\/v2\/pages\/1481\/revisions\/2501"}],"wp:attachment":[{"href":"https:\/\/optimax.tools\/fr\/wp-json\/wp\/v2\/media?parent=1481"}],"wp:term":[{"taxonomy":"dipi_cpt_category","embeddable":true,"href":"https:\/\/optimax.tools\/fr\/wp-json\/wp\/v2\/dipi_cpt_category?post=1481"}],"curies":[{"name":"wp","href":"https:\/\/api.w.org\/{rel}","templated":true}]}}