{"id":1532,"date":"2020-01-30T15:24:50","date_gmt":"2020-01-30T14:24:50","guid":{"rendered":"https:\/\/optimax.tools\/ceramtec\/"},"modified":"2024-10-28T15:23:43","modified_gmt":"2024-10-28T14:23:43","slug":"ceramtec","status":"publish","type":"page","link":"https:\/\/optimax.tools\/fr\/marques-mondiales\/ceramtec\/","title":{"rendered":"Ceramtec"},"content":{"rendered":"<p>[et_pb_section fb_built=\u00a0\u00bb1&Prime; _builder_version=\u00a0\u00bb4.25.2&Prime; background_color=\u00a0\u00bbRGBA(255,255,255,0)\u00a0\u00bb custom_padding=\u00a0\u00bb0px||0px||false|false\u00a0\u00bb global_colors_info=\u00a0\u00bb{}\u00a0\u00bb][et_pb_row _builder_version=\u00a0\u00bb4.16&Prime; custom_margin=\u00a0\u00bb|auto|0px|auto|false|false\u00a0\u00bb custom_padding=\u00a0\u00bb30px||0px||false|false\u00a0\u00bb global_colors_info=\u00a0\u00bb{}\u00a0\u00bb][et_pb_column type=\u00a0\u00bb4_4&Prime; _builder_version=\u00a0\u00bb4.16&Prime; global_colors_info=\u00a0\u00bb{}\u00a0\u00bb][et_pb_text _builder_version=\u00a0\u00bb4.25.2&Prime; text_text_color=\u00a0\u00bbgcid-27de76b3-ae7c-4af2-9b14-29939aaf6440&Prime; header_font_size=\u00a0\u00bb30pt\u00a0\u00bb header_2_font=\u00a0\u00bb|700|||||||\u00a0\u00bb header_2_text_color=\u00a0\u00bb#002250&Prime; custom_margin=\u00a0\u00bb||-45px||false|false\u00a0\u00bb custom_padding=\u00a0\u00bb||25px|||\u00a0\u00bb global_colors_info=\u00a0\u00bb{%22gcid-27de76b3-ae7c-4af2-9b14-29939aaf6440%22:%91%22text_text_color%22%93}\u00a0\u00bb]<\/p>\n<h1 style=\"text-align: left;\">CeramTec<\/h1>\n<div class=\"flex-1 overflow-hidden\">\n<div class=\"react-scroll-to-bottom--css-mfpzb-79elbk h-full\">\n<div class=\"react-scroll-to-bottom--css-mfpzb-1n7m0yu\">\n<div>\n<div class=\"flex flex-col text-sm pb-9\">\n<div class=\"w-full text-token-text-primary\" dir=\"auto\" data-testid=\"conversation-turn-5\" data-scroll-anchor=\"true\">\n<div class=\"py-2 px-3 text-base md:px-4 m-auto md:px-5 lg:px-1 xl:px-5\">\n<div class=\"mx-auto flex flex-1 gap-3 text-base juice:gap-4 juice:md:gap-6 md:max-w-3xl lg:max-w-[40rem] xl:max-w-[48rem]\">\n<div class=\"relative flex w-full min-w-0 flex-col agent-turn\">\n<div class=\"flex-col gap-1 md:gap-3\">\n<div class=\"flex flex-grow flex-col max-w-full\">\n<div data-message-author-role=\"assistant\" data-message-id=\"a699a994-a3d6-447c-a66e-d665b899d181\" dir=\"auto\" class=\"min-h-[20px] text-message flex flex-col items-start whitespace-pre-wrap break-words [.text-message+&amp;]:mt-5 overflow-x-auto gap-3\">\n<div class=\"markdown prose w-full break-words dark:prose-invert light\">\n<p>&nbsp;<\/p>\n<\/div>\n<\/div>\n<\/div>\n<\/div>\n<\/div>\n<\/div>\n<\/div>\n<\/div>\n<\/div>\n<\/div>\n<\/div>\n<\/div>\n<\/div>\n<p>[\/et_pb_text][dipi_breadcrumbs bc_custom_home=\u00a0\u00bbon\u00a0\u00bb bc_home_url=\u00a0\u00bbhttps:\/\/optimax.tools\u00a0\u00bb bc_home_icon=\u00a0\u00bbon\u00a0\u00bb bc_schema=\u00a0\u00bbon\u00a0\u00bb _builder_version=\u00a0\u00bb4.25.2&Prime; _module_preset=\u00a0\u00bbdefault\u00a0\u00bb global_module=\u00a0\u00bb954&Prime; global_colors_info=\u00a0\u00bb{}\u00a0\u00bb][\/dipi_breadcrumbs][\/et_pb_column][\/et_pb_row][et_pb_row column_structure=\u00a0\u00bb1_2,1_2&Prime; _builder_version=\u00a0\u00bb4.25.2&Prime; _module_preset=\u00a0\u00bbdefault\u00a0\u00bb global_colors_info=\u00a0\u00bb{}\u00a0\u00bb][et_pb_column type=\u00a0\u00bb1_2&Prime; _builder_version=\u00a0\u00bb4.25.2&Prime; _module_preset=\u00a0\u00bbdefault\u00a0\u00bb global_colors_info=\u00a0\u00bb{}\u00a0\u00bb][et_pb_image src=\u00a0\u00bbhttps:\/\/optimax.tools\/wp-content\/uploads\/2024\/07\/CeramTec.svg.png\u00a0\u00bb title_text=\u00a0\u00bbCeramTec.svg\u00a0\u00bb url=\u00a0\u00bbhttps:\/\/beck.mapal.com\/en-int\/\u00a0\u00bb align=\u00a0\u00bbcenter\u00a0\u00bb _builder_version=\u00a0\u00bb4.25.2&Prime; _module_preset=\u00a0\u00bbdefault\u00a0\u00bb custom_margin=\u00a0\u00bb10px|||||\u00a0\u00bb global_colors_info=\u00a0\u00bb{}\u00a0\u00bb][\/et_pb_image][\/et_pb_column][et_pb_column type=\u00a0\u00bb1_2&Prime; _builder_version=\u00a0\u00bb4.25.2&Prime; _module_preset=\u00a0\u00bbdefault\u00a0\u00bb global_colors_info=\u00a0\u00bb{}\u00a0\u00bb][et_pb_text _builder_version=\u00a0\u00bb4.25.2&Prime; text_text_color=\u00a0\u00bbgcid-27de76b3-ae7c-4af2-9b14-29939aaf6440&Prime; header_2_font=\u00a0\u00bb|700|||||||\u00a0\u00bb header_2_text_color=\u00a0\u00bb#60C4E5&Prime; max_width=\u00a0\u00bb100%\u00a0\u00bb max_width_tablet=\u00a0\u00bb100%\u00a0\u00bb max_width_phone=\u00a0\u00bb100%\u00a0\u00bb max_width_last_edited=\u00a0\u00bbon|phone\u00a0\u00bb custom_margin=\u00a0\u00bb1px||-4px|||\u00a0\u00bb custom_padding=\u00a0\u00bb7px|||||\u00a0\u00bb global_colors_info=\u00a0\u00bb{%22gcid-27de76b3-ae7c-4af2-9b14-29939aaf6440%22:%91%22text_text_color%22%93}\u00a0\u00bb]<\/p>\n<h2>\u00c0 propos de Ceramtec<\/h2>\n<p>CeramTec est un fabricant et fournisseur international de c\u00e9ramiques techniques.<br \/>\nLes experts en c\u00e9ramique offrent un portefeuille de plus de 10 000 produits, composants et pi\u00e8ces diff\u00e9rents, fabriqu\u00e9s \u00e0 partir d&rsquo;une vari\u00e9t\u00e9 de mat\u00e9riaux c\u00e9ramiques techniques.<br \/>\nIls sont utilis\u00e9s dans une large gamme d&rsquo;applications.<br \/>\nAvec une tradition de plus de 100 ans, plus de 3 500 employ\u00e9s sont actifs dans le monde entier sur des sites de production en Europe, aux \u00c9tats-Unis et en Asie.<br \/>\nD\u00e9couvrez le monde des c\u00e9ramiques avanc\u00e9es et l&rsquo;un des mat\u00e9riaux les plus puissants de notre \u00e9poque.    <\/p>\n<p>[\/et_pb_text][\/et_pb_column][\/et_pb_row][\/et_pb_section][et_pb_section fb_built=\u00a0\u00bb1&Prime; _builder_version=\u00a0\u00bb4.25.2&Prime; background_color=\u00a0\u00bbRGBA(255,255,255,0)\u00a0\u00bb custom_padding=\u00a0\u00bb4px||0px||false|false\u00a0\u00bb global_colors_info=\u00a0\u00bb{}\u00a0\u00bb][et_pb_row _builder_version=\u00a0\u00bb4.16&Prime; custom_margin=\u00a0\u00bb-7px|auto||auto|false|false\u00a0\u00bb custom_padding=\u00a0\u00bb60px||3px|||\u00a0\u00bb global_colors_info=\u00a0\u00bb{}\u00a0\u00bb][et_pb_column type=\u00a0\u00bb4_4&Prime; _builder_version=\u00a0\u00bb4.16&Prime; global_colors_info=\u00a0\u00bb{}\u00a0\u00bb][et_pb_text _builder_version=\u00a0\u00bb4.25.2&Prime; header_text_color=\u00a0\u00bb#1A3053&Prime; header_2_text_align=\u00a0\u00bbleft\u00a0\u00bb header_2_text_color=\u00a0\u00bb#60C4E5&Prime; header_2_font_size=\u00a0\u00bb26pt\u00a0\u00bb global_colors_info=\u00a0\u00bb{}\u00a0\u00bb]<\/p>\n<h2><strong>Produits<\/strong><\/h2>\n<p>[\/et_pb_text][\/et_pb_column][\/et_pb_row][\/et_pb_section][et_pb_section fb_built=\u00a0\u00bb1&Prime; _builder_version=\u00a0\u00bb4.16&Prime; custom_padding=\u00a0\u00bb0px|||||\u00a0\u00bb global_colors_info=\u00a0\u00bb{}\u00a0\u00bb][et_pb_row column_structure=\u00a0\u00bb1_2,1_2&Prime; _builder_version=\u00a0\u00bb4.16&Prime; custom_padding=\u00a0\u00bb0px|||||\u00a0\u00bb global_colors_info=\u00a0\u00bb{}\u00a0\u00bb][et_pb_column type=\u00a0\u00bb1_2&Prime; _builder_version=\u00a0\u00bb4.16&Prime; global_colors_info=\u00a0\u00bb{}\u00a0\u00bb][et_pb_image src=\u00a0\u00bbhttps:\/\/optimax.tools\/wp-content\/uploads\/2020\/02\/ceramtec-tools.jpg\u00a0\u00bb _builder_version=\u00a0\u00bb4.16&Prime; global_colors_info=\u00a0\u00bb{}\u00a0\u00bb][\/et_pb_image][\/et_pb_column][et_pb_column type=\u00a0\u00bb1_2&Prime; _builder_version=\u00a0\u00bb4.16&Prime; global_colors_info=\u00a0\u00bb{}\u00a0\u00bb][et_pb_text _builder_version=\u00a0\u00bb4.16&Prime; text_text_color=\u00a0\u00bbgcid-27de76b3-ae7c-4af2-9b14-29939aaf6440&Prime; header_2_font=\u00a0\u00bb|700|||||||\u00a0\u00bb header_2_text_color=\u00a0\u00bb#60C4E5&Prime; max_width=\u00a0\u00bb100%\u00a0\u00bb max_width_tablet=\u00a0\u00bb100%\u00a0\u00bb max_width_phone=\u00a0\u00bb100%\u00a0\u00bb max_width_last_edited=\u00a0\u00bbon|phone\u00a0\u00bb custom_margin=\u00a0\u00bb1px||20px|||\u00a0\u00bb custom_padding=\u00a0\u00bb7px|||||\u00a0\u00bb global_colors_info=\u00a0\u00bb{%22gcid-27de76b3-ae7c-4af2-9b14-29939aaf6440%22:%91%22text_text_color%22%93}\u00a0\u00bb]<\/p>\n<div class=\"pageintro\">\n<h2>A propos des produits<\/h2>\n<p>Les outils et syst\u00e8mes de porte-outils coordonn\u00e9s et performants de CeramTec pour les diff\u00e9rentes techniques d&rsquo;usinage des m\u00e9taux sont un \u00e9l\u00e9ment cl\u00e9 des processus de coupe optimis\u00e9s ax\u00e9s sur l&rsquo;efficacit\u00e9 et la performance.<\/p>\n<p>CeramTec propose une large gamme d&rsquo;outils et de syst\u00e8mes de porte-outils pour un large \u00e9ventail de processus d&rsquo;usinage et diff\u00e9rentes exigences de performance pour le tournage pr\u00e9cis et \u00e9conomique, le tournage dur, le rainurage, le fraisage et l&rsquo;al\u00e9sage avec des plaquettes en mat\u00e9riaux de coupe <sup>SPK\u00ae<\/sup>.<\/p>\n<div class=\"module clearfix\">\n<div class=\"grid_5 mod-reg alpha\"><\/div>\n<\/div>\n<\/div>\n<p>[\/et_pb_text][et_pb_button button_url=\u00a0\u00bbhttps:\/\/www.ceramtec.com\/products\/\u00a0\u00bb url_new_window=\u00a0\u00bbon\u00a0\u00bb button_text=\u00a0\u00bbLire la suite\u00a0\u00bb _builder_version=\u00a0\u00bb4.16&Prime; global_colors_info=\u00a0\u00bb{}\u00a0\u00bb][\/et_pb_button][\/et_pb_column][\/et_pb_row][\/et_pb_section][et_pb_section fb_built=\u00a0\u00bb1&Prime; _builder_version=\u00a0\u00bb4.25.1&Prime; _module_preset=\u00a0\u00bbdefault\u00a0\u00bb background_color=\u00a0\u00bbRGBA(255,255,255,0)\u00a0\u00bb custom_margin=\u00a0\u00bb0px||||false|false\u00a0\u00bb custom_margin_tablet=\u00a0\u00bb15px||||false|false\u00a0\u00bb custom_margin_phone=\u00a0\u00bb75px||||false|false\u00a0\u00bb custom_margin_last_edited=\u00a0\u00bbon|phone\u00a0\u00bb custom_padding=\u00a0\u00bb0px||0px|||\u00a0\u00bb saved_tabs=\u00a0\u00bball\u00a0\u00bb global_colors_info=\u00a0\u00bb{}\u00a0\u00bb global_module=\u00a0\u00bb1076&Prime; theme_builder_area=\u00a0\u00bbpost_content\u00a0\u00bb][et_pb_row _builder_version=\u00a0\u00bb4.25.1&Prime; _module_preset=\u00a0\u00bbdefault\u00a0\u00bb custom_padding=\u00a0\u00bb0px|||||\u00a0\u00bb global_colors_info=\u00a0\u00bb{}\u00a0\u00bb theme_builder_area=\u00a0\u00bbpost_content\u00a0\u00bb][et_pb_column type=\u00a0\u00bb4_4&Prime; _builder_version=\u00a0\u00bb4.25.1&Prime; _module_preset=\u00a0\u00bbdefault\u00a0\u00bb global_colors_info=\u00a0\u00bb{}\u00a0\u00bb theme_builder_area=\u00a0\u00bbpost_content\u00a0\u00bb][et_pb_cta title=\u00a0\u00bbBesoin d&#039;un expert ?\u00a0\u00bb button_url=\u00a0\u00bb@ET-DC@eyJkeW5hbWljIjp0cnVlLCJjb250ZW50IjoicG9zdF9saW5rX3VybF9wYWdlIiwic2V0dGluZ3MiOnsicG9zdF9pZCI6IjM2In19@\u00a0\u00bb button_text=\u00a0\u00bbContactez nous\u00a0\u00bb _builder_version=\u00a0\u00bb4.25.2&Prime; _dynamic_attributes=\u00a0\u00bbbutton_url\u00a0\u00bb _module_preset=\u00a0\u00bbdefault\u00a0\u00bb background_color=\u00a0\u00bb#FFFFFF\u00a0\u00bb custom_button=\u00a0\u00bbon\u00a0\u00bb button_text_color=\u00a0\u00bb#60C4E5&Prime; button_bg_color=\u00a0\u00bb#1A3053&Prime; button_border_color=\u00a0\u00bbRGBA(255,255,255,0)\u00a0\u00bb button_border_radius=\u00a0\u00bb2px\u00a0\u00bb button_icon=\u00a0\u00bb&#xe090;||divi||400&Prime; button_custom_padding=\u00a0\u00bb0px||0px||false|false\u00a0\u00bb background_layout=\u00a0\u00bblight\u00a0\u00bb border_radii=\u00a0\u00bbon|5px|5px|5px|5px\u00a0\u00bb border_width_all=\u00a0\u00bb2px\u00a0\u00bb border_color_all=\u00a0\u00bb#1A3053&Prime; box_shadow_style=\u00a0\u00bbpreset4&Prime; box_shadow_horizontal=\u00a0\u00bb5px\u00a0\u00bb box_shadow_vertical=\u00a0\u00bb5px\u00a0\u00bb box_shadow_style_button=\u00a0\u00bbpreset4&Prime; box_shadow_horizontal_button=\u00a0\u00bb5px\u00a0\u00bb box_shadow_vertical_button=\u00a0\u00bb5px\u00a0\u00bb global_colors_info=\u00a0\u00bb{}\u00a0\u00bb button_bg_color__hover_enabled=\u00a0\u00bbon|hover\u00a0\u00bb button_bg_color__hover=\u00a0\u00bb#60C4E5&Prime; button_bg_enable_color__hover=\u00a0\u00bbon\u00a0\u00bb button_text_color__hover_enabled=\u00a0\u00bbon|hover\u00a0\u00bb button_text_color__hover=\u00a0\u00bb#1A3053&Prime; box_shadow_horizontal_button__hover_enabled=\u00a0\u00bbon|hover\u00a0\u00bb box_shadow_vertical_button__hover_enabled=\u00a0\u00bbon|desktop\u00a0\u00bb box_shadow_horizontal_button__hover=\u00a0\u00bb0px\u00a0\u00bb box_shadow_vertical_button__hover=\u00a0\u00bb0px\u00a0\u00bb theme_builder_area=\u00a0\u00bbpost_content\u00a0\u00bb]<\/p>\n<p>Prenez contact, notre \u00e9quipe se fera un plaisir de vous aider.<\/p>\n<p>[\/et_pb_cta][\/et_pb_column][\/et_pb_row][\/et_pb_section]<\/p>\n","protected":false},"excerpt":{"rendered":"<p>CeramTec &nbsp; <div class=\"et_pb_module dipi_breadcrumbs dipi_breadcrumbs_0\">\n\t\t\t\t\n\t\t\t\t\n\t\t\t\t\n\t\t\t\t\n\t\t\t\t\n\t\t\t\t\n\t\t\t\t<div class=\"et_pb_module_inner\">\n\t\t\t\t\t<div class=\"dipi-breadcrumbs dipi-bc-left\">\n                <ul itemscope itemtype=\"https:\/\/schema.org\/BreadcrumbList\">\n                    \n                                                        <li itemprop=\"itemListElement\" itemscope itemtype=\"https:\/\/schema.org\/ListItem\" class=\"dipi-breadcrumb-item dipi-breadcrumb-home\">\n\n                        \n                            <a itemprop=\"item\" href=\"https:\/\/optimax.tools\">\n                                <span itemprop=\"name\" content=\"Home\">\n                                    <span class=\"et-pb-icon dipi-home-icon\"><\/span>                                                                    <\/span>\n                            <\/a>\n\n                                                <meta itemprop=\"position\" content=\"1\"\/>                    <\/li>\n\n                    <li class=\"dipi-breadcrumb-separator\">\n                    <span class=\"et-pb-icon dipi-separator-icon\">$<\/span>\n                <\/li>                            \n                <\/ul>\n            <\/div>\n\t\t\t\t<\/div>\n\t\t\t<\/div>\u00c0 propos de Ceramtec CeramTec est un fabricant et fournisseur international de c\u00e9ramiques techniques. Les experts en c\u00e9ramique offrent un portefeuille de plus de 10 000 produits, composants et pi\u00e8ces diff\u00e9rents, fabriqu\u00e9s \u00e0 partir d&rsquo;une vari\u00e9t\u00e9 de mat\u00e9riaux c\u00e9ramiques techniques. Ils sont utilis\u00e9s dans une [&hellip;]<\/p>\n","protected":false},"author":1,"featured_media":0,"parent":1761,"menu_order":0,"comment_status":"closed","ping_status":"closed","template":"","meta":{"_acf_changed":false,"_et_pb_use_builder":"on","_et_pb_old_content":"","_et_gb_content_width":"","footnotes":""},"dipi_cpt_category":[],"class_list":["post-1532","page","type-page","status-publish","hentry"],"acf":[],"yoast_head":"<!-- This site is optimized with the Yoast SEO plugin v27.4 - https:\/\/yoast.com\/product\/yoast-seo-wordpress\/ -->\n<title>Ceramtec - Optimax Tools<\/title>\n<meta name=\"description\" content=\"Optimax is a tool reseller. We sell tools from Mapal, Bass, inovatools and other well-known brands.\" \/>\n<meta name=\"robots\" content=\"index, follow, max-snippet:-1, max-image-preview:large, max-video-preview:-1\" \/>\n<link rel=\"canonical\" href=\"https:\/\/optimax.tools\/fr\/marques-mondiales\/ceramtec\/\" \/>\n<meta property=\"og:locale\" content=\"fr_FR\" \/>\n<meta property=\"og:type\" content=\"article\" \/>\n<meta property=\"og:title\" content=\"Ceramtec - Optimax Tools\" \/>\n<meta property=\"og:description\" content=\"Optimax is a tool reseller. We sell tools from Mapal, Bass, inovatools and other well-known brands.\" \/>\n<meta property=\"og:url\" content=\"https:\/\/optimax.tools\/fr\/marques-mondiales\/ceramtec\/\" \/>\n<meta property=\"og:site_name\" content=\"Optimax Tools\" \/>\n<meta property=\"article:modified_time\" content=\"2024-10-28T14:23:43+00:00\" \/>\n<meta property=\"og:image\" content=\"https:\/\/optimax.tools\/wp-content\/uploads\/2020\/02\/facebook-cover.jpg\" \/>\n\t<meta property=\"og:image:width\" content=\"700\" \/>\n\t<meta property=\"og:image:height\" content=\"350\" \/>\n\t<meta property=\"og:image:type\" content=\"image\/jpeg\" \/>\n<meta name=\"twitter:card\" content=\"summary_large_image\" \/>\n<meta name=\"twitter:label1\" content=\"Dur\u00e9e de lecture estim\u00e9e\" \/>\n\t<meta name=\"twitter:data1\" content=\"5 minutes\" \/>\n<script type=\"application\/ld+json\" class=\"yoast-schema-graph\">{\"@context\":\"https:\\\/\\\/schema.org\",\"@graph\":[{\"@type\":\"WebPage\",\"@id\":\"https:\\\/\\\/optimax.tools\\\/fr\\\/marques-mondiales\\\/ceramtec\\\/\",\"url\":\"https:\\\/\\\/optimax.tools\\\/fr\\\/marques-mondiales\\\/ceramtec\\\/\",\"name\":\"Ceramtec - Optimax Tools\",\"isPartOf\":{\"@id\":\"https:\\\/\\\/v2.optimax.tools\\\/fr\\\/#website\"},\"datePublished\":\"2020-01-30T14:24:50+00:00\",\"dateModified\":\"2024-10-28T14:23:43+00:00\",\"description\":\"Optimax is a tool reseller. We sell tools from Mapal, Bass, inovatools and other well-known brands.\",\"breadcrumb\":{\"@id\":\"https:\\\/\\\/optimax.tools\\\/fr\\\/marques-mondiales\\\/ceramtec\\\/#breadcrumb\"},\"inLanguage\":\"fr-FR\",\"potentialAction\":[{\"@type\":\"ReadAction\",\"target\":[\"https:\\\/\\\/optimax.tools\\\/fr\\\/marques-mondiales\\\/ceramtec\\\/\"]}]},{\"@type\":\"BreadcrumbList\",\"@id\":\"https:\\\/\\\/optimax.tools\\\/fr\\\/marques-mondiales\\\/ceramtec\\\/#breadcrumb\",\"itemListElement\":[{\"@type\":\"ListItem\",\"position\":1,\"name\":\"Home\",\"item\":\"https:\\\/\\\/optimax.tools\\\/fr\\\/\"},{\"@type\":\"ListItem\",\"position\":2,\"name\":\"Marques mondiales\",\"item\":\"https:\\\/\\\/v2.optimax.tools\\\/fr\\\/marques-mondiales\\\/\"},{\"@type\":\"ListItem\",\"position\":3,\"name\":\"Ceramtec\"}]},{\"@type\":\"WebSite\",\"@id\":\"https:\\\/\\\/v2.optimax.tools\\\/fr\\\/#website\",\"url\":\"https:\\\/\\\/v2.optimax.tools\\\/fr\\\/\",\"name\":\"Optimax Tools\",\"description\":\"A Total Project Company\",\"potentialAction\":[{\"@type\":\"SearchAction\",\"target\":{\"@type\":\"EntryPoint\",\"urlTemplate\":\"https:\\\/\\\/v2.optimax.tools\\\/fr\\\/?s={search_term_string}\"},\"query-input\":{\"@type\":\"PropertyValueSpecification\",\"valueRequired\":true,\"valueName\":\"search_term_string\"}}],\"inLanguage\":\"fr-FR\"}]}<\/script>\n<!-- \/ Yoast SEO plugin. -->","yoast_head_json":{"title":"Ceramtec - Optimax Tools","description":"Optimax is a tool reseller. We sell tools from Mapal, Bass, inovatools and other well-known brands.","robots":{"index":"index","follow":"follow","max-snippet":"max-snippet:-1","max-image-preview":"max-image-preview:large","max-video-preview":"max-video-preview:-1"},"canonical":"https:\/\/optimax.tools\/fr\/marques-mondiales\/ceramtec\/","og_locale":"fr_FR","og_type":"article","og_title":"Ceramtec - Optimax Tools","og_description":"Optimax is a tool reseller. We sell tools from Mapal, Bass, inovatools and other well-known brands.","og_url":"https:\/\/optimax.tools\/fr\/marques-mondiales\/ceramtec\/","og_site_name":"Optimax Tools","article_modified_time":"2024-10-28T14:23:43+00:00","og_image":[{"width":700,"height":350,"url":"https:\/\/optimax.tools\/wp-content\/uploads\/2020\/02\/facebook-cover.jpg","type":"image\/jpeg"}],"twitter_card":"summary_large_image","twitter_misc":{"Dur\u00e9e de lecture estim\u00e9e":"5 minutes"},"schema":{"@context":"https:\/\/schema.org","@graph":[{"@type":"WebPage","@id":"https:\/\/optimax.tools\/fr\/marques-mondiales\/ceramtec\/","url":"https:\/\/optimax.tools\/fr\/marques-mondiales\/ceramtec\/","name":"Ceramtec - Optimax Tools","isPartOf":{"@id":"https:\/\/v2.optimax.tools\/fr\/#website"},"datePublished":"2020-01-30T14:24:50+00:00","dateModified":"2024-10-28T14:23:43+00:00","description":"Optimax is a tool reseller. We sell tools from Mapal, Bass, inovatools and other well-known brands.","breadcrumb":{"@id":"https:\/\/optimax.tools\/fr\/marques-mondiales\/ceramtec\/#breadcrumb"},"inLanguage":"fr-FR","potentialAction":[{"@type":"ReadAction","target":["https:\/\/optimax.tools\/fr\/marques-mondiales\/ceramtec\/"]}]},{"@type":"BreadcrumbList","@id":"https:\/\/optimax.tools\/fr\/marques-mondiales\/ceramtec\/#breadcrumb","itemListElement":[{"@type":"ListItem","position":1,"name":"Home","item":"https:\/\/optimax.tools\/fr\/"},{"@type":"ListItem","position":2,"name":"Marques mondiales","item":"https:\/\/v2.optimax.tools\/fr\/marques-mondiales\/"},{"@type":"ListItem","position":3,"name":"Ceramtec"}]},{"@type":"WebSite","@id":"https:\/\/v2.optimax.tools\/fr\/#website","url":"https:\/\/v2.optimax.tools\/fr\/","name":"Optimax Tools","description":"A Total Project Company","potentialAction":[{"@type":"SearchAction","target":{"@type":"EntryPoint","urlTemplate":"https:\/\/v2.optimax.tools\/fr\/?s={search_term_string}"},"query-input":{"@type":"PropertyValueSpecification","valueRequired":true,"valueName":"search_term_string"}}],"inLanguage":"fr-FR"}]}},"_links":{"self":[{"href":"https:\/\/optimax.tools\/fr\/wp-json\/wp\/v2\/pages\/1532","targetHints":{"allow":["GET"]}}],"collection":[{"href":"https:\/\/optimax.tools\/fr\/wp-json\/wp\/v2\/pages"}],"about":[{"href":"https:\/\/optimax.tools\/fr\/wp-json\/wp\/v2\/types\/page"}],"author":[{"embeddable":true,"href":"https:\/\/optimax.tools\/fr\/wp-json\/wp\/v2\/users\/1"}],"replies":[{"embeddable":true,"href":"https:\/\/optimax.tools\/fr\/wp-json\/wp\/v2\/comments?post=1532"}],"version-history":[{"count":10,"href":"https:\/\/optimax.tools\/fr\/wp-json\/wp\/v2\/pages\/1532\/revisions"}],"predecessor-version":[{"id":2303,"href":"https:\/\/optimax.tools\/fr\/wp-json\/wp\/v2\/pages\/1532\/revisions\/2303"}],"up":[{"embeddable":true,"href":"https:\/\/optimax.tools\/fr\/wp-json\/wp\/v2\/pages\/1761"}],"wp:attachment":[{"href":"https:\/\/optimax.tools\/fr\/wp-json\/wp\/v2\/media?parent=1532"}],"wp:term":[{"taxonomy":"dipi_cpt_category","embeddable":true,"href":"https:\/\/optimax.tools\/fr\/wp-json\/wp\/v2\/dipi_cpt_category?post=1532"}],"curies":[{"name":"wp","href":"https:\/\/api.w.org\/{rel}","templated":true}]}}